{"id":12416,"date":"2022-02-13T10:06:20","date_gmt":"2022-02-13T13:06:20","guid":{"rendered":"http:\/\/localhost\/hospitalvazmonteiro\/?page_id=12416"},"modified":"2022-05-16T21:13:35","modified_gmt":"2022-05-17T00:13:35","slug":"sobre","status":"publish","type":"page","link":"https:\/\/hospitalvazmonteiro.com.br\/site\/sobre\/","title":{"rendered":"Sobre"},"content":{"rendered":"\n<div class=\"wp-block-media-text alignwide has-media-on-the-right is-stacked-on-mobile\"><figure class=\"wp-block-media-text__media\"><img loading=\"lazy\" width=\"534\" height=\"320\" src=\"http:\/\/localhost\/hospitalvazmonteiro\/wp-content\/uploads\/2022\/04\/hosp-antigo-1.jpg\" alt=\"\" class=\"wp-image-12887 size-medium\" srcset=\"https:\/\/hospitalvazmonteiro.com.br\/site\/wp-content\/uploads\/2022\/04\/hosp-antigo-1.jpg 534w, https:\/\/hospitalvazmonteiro.com.br\/site\/wp-content\/uploads\/2022\/04\/hosp-antigo-1-300x180.jpg 300w\" sizes=\"(max-width: 534px) 100vw, 534px\" \/><\/figure><div class=\"wp-block-media-text__content\">\n<h1 class=\"mb-4\">Sobre n\u00f3s&#8230;<\/h1>\n\n\n\n<p style=\"font-size:17px\">O tempo passou e hoje o Hospital Vaz Monteiro se destaca como um importante prestador de servi\u00e7os para a cidade de Lavras e regi\u00e3o, sendo referencia para o SUS \u00e0 09 cidades: Carrancas, Ijaci, Itumirim, Itutinga, Lumin\u00e1rias, Nepomuceno, Perd\u00f5es e Ribeir\u00e3o Vermelho.<\/p>\n<\/div><\/div>\n\n\n\n<div style=\"height:40px\" aria-hidden=\"true\" class=\"wp-block-spacer\"><\/div>\n\n\n\n<div class=\"wp-block-media-text alignwide is-stacked-on-mobile\"><figure class=\"wp-block-media-text__media\"><img loading=\"lazy\" width=\"560\" height=\"302\" src=\"http:\/\/localhost\/hospitalvazmonteiro\/wp-content\/uploads\/2022\/04\/hosp-antigo-2.jpg\" alt=\"\" class=\"wp-image-12888 size-medium\" srcset=\"https:\/\/hospitalvazmonteiro.com.br\/site\/wp-content\/uploads\/2022\/04\/hosp-antigo-2.jpg 560w, https:\/\/hospitalvazmonteiro.com.br\/site\/wp-content\/uploads\/2022\/04\/hosp-antigo-2-300x162.jpg 300w\" sizes=\"(max-width: 560px) 100vw, 560px\" \/><\/figure><div class=\"wp-block-media-text__content\">\n<p style=\"font-size:17px\">O Hospital Vaz Monteiro \u00e9 uma institui\u00e7\u00e3o filantr\u00f3pica, ou seja, n\u00e3o possui fins lucrativos e por isso destina cerca de 60% de seus atendimentos para o SUS.<\/p>\n\n\n\n<p style=\"font-size:17px\"><strong>Como prestador de servi\u00e7os ao SUS oferece:<\/strong><\/p>\n\n\n\n<ul id=\"block-10aea8a3-ed81-49c5-b06c-2a0c40f06cc3\" style=\"font-size:17px\"><li>65% das interna\u00e7\u00f5es no Hospital s\u00e3o pelo SUS<\/li><li>60% das cirurgias realizadas s\u00e3o pelo SUS<\/li><\/ul>\n<\/div><\/div>\n\n\n\n<div class=\"wp-container-1 wp-block-group withBorder\"><div class=\"wp-block-group__inner-container\">\n<p style=\"font-size:17px\">Muitas pessoas perguntam porque o Pronto Socorro do Hospital Vaz Monteiro n\u00e3o atende SUS no Pronto Socorro. O Hospital n\u00e3o pode atender o SUS no Pronto Socorro porque n\u00e3o possui autoriza\u00e7\u00e3o do SUS para isso.<br><br><strong>Na cidade Lavras a rede de assist\u00eancia ao SUS que funciona da seguinte forma:<\/strong><\/p>\n\n\n\n<ul style=\"font-size:17px\"><li>Paciente se dirige \u00e0 UPA \u2013 Unidade de Pronto Atendimento e recebe o atendimento emergencial;<\/li><li>Se houver necessidade de interna\u00e7\u00e3o \u2013 o paciente \u00e9 cadastrado em um sistema de regula\u00e7\u00e3o de leitos chamado SUSF\u00e1cil;<\/li><li>O sistema SUSF\u00e1cil ir\u00e1 direcionar o paciente para o Hospital que possuir a vaga naquele momento.<\/li><\/ul>\n<\/div><\/div>\n\n\n\n<div style=\"height:20px\" aria-hidden=\"true\" class=\"wp-block-spacer\"><\/div>\n\n\n\n<div class=\"wp-container-6 wp-block-columns are-vertically-aligned-bottom\">\n<div class=\"wp-container-3 wp-block-column is-vertically-aligned-bottom\">\n<div class=\"wp-container-2 wp-block-group\"><div class=\"wp-block-group__inner-container\">\n<h4>Nossa miss\u00e3o:<\/h4>\n\n\n\n<p class=\"pr-md-5\">Contribuir para a melhoria da qualidade de vida e do bem estar da comunidade, oferecendo cuidado humanizado \u00e0 sa\u00fade por meio da inova\u00e7\u00e3o e da capacita\u00e7\u00e3o dos colaboradores.<\/p>\n\n\n\n<div class=\"wp-block-image\"><figure class=\"aligncenter size-full\"><img loading=\"lazy\" width=\"524\" height=\"298\" src=\"http:\/\/localhost\/hospitalvazmonteiro\/wp-content\/uploads\/2022\/04\/missao.jpg\" alt=\"\" class=\"wp-image-12891\" srcset=\"https:\/\/hospitalvazmonteiro.com.br\/site\/wp-content\/uploads\/2022\/04\/missao.jpg 524w, https:\/\/hospitalvazmonteiro.com.br\/site\/wp-content\/uploads\/2022\/04\/missao-300x171.jpg 300w\" sizes=\"(max-width: 524px) 100vw, 524px\" \/><\/figure><\/div>\n<\/div><\/div>\n<\/div>\n\n\n\n<div class=\"wp-container-5 wp-block-column is-vertically-aligned-bottom\">\n<div class=\"wp-container-4 wp-block-group\"><div class=\"wp-block-group__inner-container\">\n<h4>Nossa filosofia:<\/h4>\n\n\n\n<p>Ser um dos melhores hospitais do interior de Minas Gerais no que se refere ao atendimento, \u00e0 capacita\u00e7\u00e3o dos colaboradores e \u00e0 presta\u00e7\u00e3o de servi\u00e7os de sa\u00fade utilizando tecnologias modernas e adequadas \u00e0 realidade hospitalar.<\/p>\n\n\n\n<div class=\"wp-block-image\"><figure class=\"aligncenter size-full\"><img loading=\"lazy\" width=\"524\" height=\"298\" src=\"http:\/\/localhost\/hospitalvazmonteiro\/wp-content\/uploads\/2022\/04\/valores-1.jpg\" alt=\"\" class=\"wp-image-12893\" srcset=\"https:\/\/hospitalvazmonteiro.com.br\/site\/wp-content\/uploads\/2022\/04\/valores-1.jpg 524w, https:\/\/hospitalvazmonteiro.com.br\/site\/wp-content\/uploads\/2022\/04\/valores-1-300x171.jpg 300w\" sizes=\"(max-width: 524px) 100vw, 524px\" \/><\/figure><\/div>\n<\/div><\/div>\n<\/div>\n<\/div>\n\n\n\n<div class=\"wp-container-9 wp-block-columns\">\n<div class=\"wp-container-7 wp-block-column\">\n<h4>Valores:<\/h4>\n\n\n\n<p class=\"pr-md-5\"><strong>Honestidade:<\/strong> Ter sempre uma postura correta e \u00e9tica de forma a manter a rela\u00e7\u00e3o de respeito e confian\u00e7a com nossos parceiros, colaboradores e pacientes<\/p>\n\n\n\n<p class=\"pr-md-5\"><strong>Humaniza\u00e7\u00e3o:<\/strong> Disponibilizar aos pacientes e familiares mais do que atendimento m\u00e9dico e hospitalar oferecendo-lhes carinho aten\u00e7\u00e3o, sentimento de import\u00e2ncia, amizade e respeito \u00e0s diferen\u00e7as.<\/p>\n<\/div>\n\n\n\n<div class=\"wp-container-8 wp-block-column\">\n<h4>Excel\u00eancia:<\/h4>\n\n\n\n<p>Trabalhar para o aprimoramento intelectual e profissional de nossos colaboradores para que a compet\u00eancia desenvolvida seja plenamente utilizada em prol dos pacientes e da comunidade.<\/p>\n<\/div>\n<\/div>\n","protected":false},"excerpt":{"rendered":"<p>Sobre n\u00f3s&#8230; O tempo passou e hoje o Hospital Vaz Monteiro se destaca como um importante prestador de servi\u00e7os para a cidade de Lavras e regi\u00e3o, sendo referencia para o SUS \u00e0 09 cidades: Carrancas, Ijaci, Itumirim, Itutinga, Lumin\u00e1rias, Nepomuceno, Perd\u00f5es e Ribeir\u00e3o Vermelho. O Hospital Vaz Monteiro \u00e9 uma institui\u00e7\u00e3o filantr\u00f3pica, ou seja, n\u00e3o [&hellip;]<\/p>\n","protected":false},"author":1,"featured_media":12997,"parent":0,"menu_order":2,"comment_status":"closed","ping_status":"closed","template":"template-page.php","meta":{"ngg_post_thumbnail":0},"acf":{"banner-header":"https:\/\/hospitalvazmonteiro.com.br\/site\/wp-content\/uploads\/2022\/04\/banner-about.jpg"},"_links":{"self":[{"href":"https:\/\/hospitalvazmonteiro.com.br\/site\/wp-json\/wp\/v2\/pages\/12416"}],"collection":[{"href":"https:\/\/hospitalvazmonteiro.com.br\/site\/wp-json\/wp\/v2\/pages"}],"about":[{"href":"https:\/\/hospitalvazmonteiro.com.br\/site\/wp-json\/wp\/v2\/types\/page"}],"author":[{"embeddable":true,"href":"https:\/\/hospitalvazmonteiro.com.br\/site\/wp-json\/wp\/v2\/users\/1"}],"replies":[{"embeddable":true,"href":"https:\/\/hospitalvazmonteiro.com.br\/site\/wp-json\/wp\/v2\/comments?post=12416"}],"version-history":[{"count":0,"href":"https:\/\/hospitalvazmonteiro.com.br\/site\/wp-json\/wp\/v2\/pages\/12416\/revisions"}],"wp:featuredmedia":[{"embeddable":true,"href":"https:\/\/hospitalvazmonteiro.com.br\/site\/wp-json\/wp\/v2\/media\/12997"}],"wp:attachment":[{"href":"https:\/\/hospitalvazmonteiro.com.br\/site\/wp-json\/wp\/v2\/media?parent=12416"}],"curies":[{"name":"wp","href":"https:\/\/api.w.org\/{rel}","templated":true}]}}