{"id":12429,"date":"2022-02-13T10:10:50","date_gmt":"2022-02-13T13:10:50","guid":{"rendered":"http:\/\/localhost\/hospitalvazmonteiro\/?page_id=12429"},"modified":"2024-03-19T16:05:57","modified_gmt":"2024-03-19T19:05:57","slug":"horarios","status":"publish","type":"page","link":"https:\/\/hospitalvazmonteiro.com.br\/site\/horarios\/","title":{"rendered":"Hor\u00e1rios"},"content":{"rendered":"\n<h3>Orienta\u00e7\u00f5es:<\/h3>\n\n\n\n<p>As visitas s\u00e3o essenciais e desej\u00e1veis aos pacientes internados, por\u00e9m para garantir a sua seguran\u00e7a e a seguran\u00e7a dos pacientes , seguem algumas orienta\u00e7\u00f5es que dever\u00e3o ser observadas durante a sua perman\u00eancia no Hospital:<br><br><strong>1<\/strong> \u2013 A sua entrada e sa\u00edda do Hospital deve ser feita pela portaria da Interna\u00e7\u00e3o, ap\u00f3s a devida identifica\u00e7\u00e3o.<br><br><strong>2<\/strong> \u2013 \u00c9 proibida a entrada de pessoas usando cal\u00e7ados abertos, roupas curtas ou decotadas. Dentro do Hospital use cal\u00e7ado fechado, cal\u00e7a comprida, blusas com mangas e sem decotes.<br><br><strong>3<\/strong> \u2013 Traga seu documento para que seja realizado seu cadastro de identifica\u00e7\u00e3o como visitante ou acompanhante. N\u00e3o \u00e9 permitida a entrada no Hospital sem a devida identifica\u00e7\u00e3o.<br><br><strong>4<\/strong> \u2013 Transite apenas pelo Setor do Hospital que foi autorizado pela portaria.<br><br><strong>5<\/strong> \u2013 \u00c9 proibida a entrada de acompanhantes ou de visitantes com qualquer esp\u00e9cie de alimento e bebida. A alimenta\u00e7\u00e3o do paciente \u00e9 de exclusiva responsabilidade do Servi\u00e7o de Nutri\u00e7\u00e3o e Diet\u00e9tica do Hospital, que segue a prescri\u00e7\u00e3o m\u00e9dica. N\u00e3o guarde sobras de alimentos no quarto ap\u00f3s as refei\u00e7\u00f5es.<br><br><strong>6<\/strong> \u2013 Para evitar contamina\u00e7\u00f5es, lave bem as m\u00e3os com \u00e1gua e sab\u00e3o, seque com papel toalha e use o \u00e1lcool gel. Fa\u00e7a isso antes e depois de estar com o paciente<br><br><strong>7<\/strong> \u2013 N\u00e3o visite mais que um paciente por dia. N\u00e3o entre em outros quartos. \u00c9 expressamente proibido encostar, mexer, apertar ou retirar qualquer equipamento, soro ou dreno do paciente, estas s\u00e3o atividades exclusivas dos profissionais da Equipe de Enfermagem.<br><br><strong>8<\/strong> \u2013 Proibido fazer visitas quando voc\u00ea estiver doente (gripado, doen\u00e7as infecciosas, p\u00f3s operado recente, etc.)<br><br><strong>9<\/strong> \u2013 N\u00e3o sente nas camas, nem use objetos de uso exclusivo dos pacientes.<br><br><strong>10<\/strong> \u2013 N\u00e3o \u00e9 permitida a visita de crian\u00e7as menores de 12 anos no Hospital, conforme estabelece o Estatuto da Crian\u00e7a e Adolescente.<br><br><strong>11<\/strong> \u2013 \u00c9 proibido fumar dentro do Hospital conforme Lei Antifumo n\u00ba 12.546\/2011.<br><br><strong>12<\/strong> \u2013 N\u00e3o \u00e9 permitida a entrada de flores, ventiladores, circuladores, umidificadores e climatizadores de ar no Hospital. Para entrar com outros objetos \u00e9 necess\u00e1ria a autoriza\u00e7\u00e3o pr\u00e9via da CCIH.<br><br><strong>13<\/strong> \u2013 N\u00e3o informamos, por telefone, o estado de sa\u00fade de pacientes internados.<br><br><strong>14<\/strong> \u2013 Ser\u00e3o permitidos somente 02 visitantes por paciente no hor\u00e1rio de visitas, sendo uma pessoa de cada vez para as acomoda\u00e7\u00f5es de enfermaria. No caso dos apartamentos, ser\u00e3o permitidos at\u00e9 04 visitantes por paciente, no hor\u00e1rio de visitas, sendo uma pessoa de cada vez. O volume de voz deve ser apropriado ao ambiente&nbsp;hospitalar.<br><br><strong>15<\/strong> \u2013 Ser\u00e1 permitido 1 acompanhante para pacientes menores de 18 anos ou maiores de 60 anos, pessoas com<br>defici\u00eancia, parturientes ou mediante prescri\u00e7\u00e3o m\u00e9dica.<br><br><strong>16<\/strong> \u2013 Ap\u00f3s a interna\u00e7\u00e3o, favor cadastrar na portaria o acompanhante caso tenha. \u00c9 obrigat\u00f3ria a apresenta\u00e7\u00e3o de documento de identifica\u00e7\u00e3o com foto.<br><br><strong>17<\/strong> \u2013 Quando houver a necessidade de transfer\u00eancia do paciente para o CTI, os familiares e acompanhantes dever\u00e3o deixar o quarto em no m\u00e1ximo 1 hora.<br><br><strong>18<\/strong> \u2013 Ap\u00f3s a alta m\u00e9dica o quarto dever\u00e1 ser liberado em no m\u00e1ximo 1 hora. Nos casos de pacientes particulares, estes dever\u00e3o aguardar o contato da Tesouraria no quarto.<\/p>\n","protected":false},"excerpt":{"rendered":"<p>Orienta\u00e7\u00f5es: As visitas s\u00e3o essenciais e desej\u00e1veis aos pacientes internados, por\u00e9m para garantir a sua seguran\u00e7a e a seguran\u00e7a dos pacientes , seguem algumas orienta\u00e7\u00f5es que dever\u00e3o ser observadas durante a sua perman\u00eancia no Hospital: 1 \u2013 A sua entrada e sa\u00edda do Hospital deve ser feita pela portaria da Interna\u00e7\u00e3o, ap\u00f3s a devida identifica\u00e7\u00e3o. [&hellip;]<\/p>\n","protected":false},"author":1,"featured_media":12997,"parent":0,"menu_order":4,"comment_status":"closed","ping_status":"closed","template":"template-page.php","meta":{"ngg_post_thumbnail":0},"acf":{"banner-header":"https:\/\/hospitalvazmonteiro.com.br\/site\/wp-content\/uploads\/2022\/04\/banner-horario.jpg","horarios":[{"title":"APARTAMENTOS ALAS A, B e C","description":"04 VISITANTES POR PACIENTE\/DIA\r\n9h \u00e0s 20h","color":"green"},{"title":"APARTAMENTO MATERNO INFANTIL","description":"04 VISITANTES POR PACIENTE\/DIA\r\n9h \u00e0s 20h","color":"green"},{"title":"ENFERMARIAS ALAS A, B e C ","description":"02 VISITANTES POR PACIENTE\/DIA\r\n14h \u00e0s 15h","color":"green"},{"title":"ENFERMARIA MATERNO INFANTIL","description":"02 VISITANTES POR PACIENTE\/DIA\r\n14h \u00e0s 15h","color":"green"},{"title":"ALA MATERNO INFANTIL (PAI)","description":"9h \u00e0s 20h","color":"green"},{"title":"UTI NEO NATAL (AV\u00d3S)","description":"S\u00e1bados das 14h \u00e0s 15h","color":"green"},{"title":"UTI NEO NATAL (PAIS)","description":"10h \u00e0s 11h e 17h \u00e0s 18h","color":"green"},{"title":"PAI OU M\u00c3E (Apenas 1)","description":"10h \u00e0s 21h","color":"green"},{"title":"M\u00c3ES QUE AMAMETAM ","description":"9h","color":"green"},{"title":"CTI ADULTO (2 visitantes)","description":"15h","color":"green"},{"title":"BOLETIM M\u00c9DICO CTI","description":"15h","color":"blue"},{"title":"TROCA DE ACOMPANHANTES","description":"03 TROCAS DIARIAMENTE <br>\r\n7h \u00e0s 13h e 17h \u00e0s 19h","color":"blue"}]},"_links":{"self":[{"href":"https:\/\/hospitalvazmonteiro.com.br\/site\/wp-json\/wp\/v2\/pages\/12429"}],"collection":[{"href":"https:\/\/hospitalvazmonteiro.com.br\/site\/wp-json\/wp\/v2\/pages"}],"about":[{"href":"https:\/\/hospitalvazmonteiro.com.br\/site\/wp-json\/wp\/v2\/types\/page"}],"author":[{"embeddable":true,"href":"https:\/\/hospitalvazmonteiro.com.br\/site\/wp-json\/wp\/v2\/users\/1"}],"replies":[{"embeddable":true,"href":"https:\/\/hospitalvazmonteiro.com.br\/site\/wp-json\/wp\/v2\/comments?post=12429"}],"version-history":[{"count":14,"href":"https:\/\/hospitalvazmonteiro.com.br\/site\/wp-json\/wp\/v2\/pages\/12429\/revisions"}],"predecessor-version":[{"id":14372,"href":"https:\/\/hospitalvazmonteiro.com.br\/site\/wp-json\/wp\/v2\/pages\/12429\/revisions\/14372"}],"wp:featuredmedia":[{"embeddable":true,"href":"https:\/\/hospitalvazmonteiro.com.br\/site\/wp-json\/wp\/v2\/media\/12997"}],"wp:attachment":[{"href":"https:\/\/hospitalvazmonteiro.com.br\/site\/wp-json\/wp\/v2\/media?parent=12429"}],"curies":[{"name":"wp","href":"https:\/\/api.w.org\/{rel}","templated":true}]}}