{"id":12695,"date":"2022-04-13T18:10:41","date_gmt":"2022-04-13T21:10:41","guid":{"rendered":"http:\/\/localhost\/hospitalvazmonteiro\/?page_id=12695"},"modified":"2022-05-12T15:36:40","modified_gmt":"2022-05-12T18:36:40","slug":"servicos","status":"publish","type":"page","link":"https:\/\/hospitalvazmonteiro.com.br\/site\/servicos\/","title":{"rendered":"Servi\u00e7os"},"content":{"rendered":"\n<h2 class=\"pl-md-3\">O hospital conta hoje com os seguintes servi\u00e7os&#8230;<\/h2>\n\n\n\n<ul><li>Pronto Socorro Adulto<\/li><li>Ambulat\u00f3rio Pedi\u00e1trico<\/li><li>Hemodin\u00e2mica (exames de catetrismo, angioplastias, implantes e revis\u00f5es de marca-passo, cirurgias card\u00edacas)<\/li><li>Raios-X<\/li><li>Tomografia<\/li><li>Exames laboratoriais<\/li><li>Cirurgias<\/li><li>Interna\u00e7\u00f5es cl\u00ednicas<\/li><li>Exames de Endoscopia<\/li><li>Exames de Colonoscopia<\/li><li>Colangiopancreatografia<\/li><\/ul>\n\n\n\n<p><\/p>\n\n\n\n<div class=\"wp-container-11 wp-block-group sectionNossosNum has-text-color has-background\" style=\"background-color:#e2edff;color:#031432\"><div class=\"wp-block-group__inner-container\">\n<div class=\"wp-container-1 wp-block-group\"><div class=\"wp-block-group__inner-container\">\n<h3 class=\"has-text-align-center\">Nossos n\u00fameros&#8230;<\/h3>\n<\/div><\/div>\n\n\n\n<div class=\"wp-container-2 wp-block-group withBorder\"><div class=\"wp-block-group__inner-container\">\n<h4>107<\/h4>\n\n\n\n<p>leitos sendo 65 <br>destinados ao SUS<\/p>\n<\/div><\/div>\n\n\n\n<div class=\"wp-container-3 wp-block-group withBorder\"><div class=\"wp-block-group__inner-container\">\n<h4>380<\/h4>\n\n\n\n<p>funcion\u00e1rios<\/p>\n<\/div><\/div>\n\n\n\n<div class=\"wp-container-4 wp-block-group withBorder\"><div class=\"wp-block-group__inner-container\">\n<h4>88<\/h4>\n\n\n\n<p>m\u00e9dicos <br>credenciados<\/p>\n<\/div><\/div>\n\n\n\n<div class=\"wp-container-5 wp-block-group withBorder\"><div class=\"wp-block-group__inner-container\">\n<h4>7<\/h4>\n\n\n\n<p>salas <br>cir\u00fargicas<\/p>\n<\/div><\/div>\n\n\n\n<div class=\"wp-container-6 wp-block-group withBorder\"><div class=\"wp-block-group__inner-container\">\n<h4>390<\/h4>\n\n\n\n<p>cirurgias realizadas <br> por m\u00eas<\/p>\n<\/div><\/div>\n\n\n\n<div class=\"wp-container-7 wp-block-group withBorder\"><div class=\"wp-block-group__inner-container\">\n<h4>10<\/h4>\n\n\n\n<p>leitos cl\u00ednicos para <br>atendimento \u00e0 COVID<\/p>\n<\/div><\/div>\n\n\n\n<div class=\"wp-container-8 wp-block-group withBorder\"><div class=\"wp-block-group__inner-container\">\n<h4>1.053<\/h4>\n\n\n\n<p>atendimentos no setor <br>de Hemodin\u00e2mica por ano<\/p>\n<\/div><\/div>\n\n\n\n<div class=\"wp-container-9 wp-block-group withBorder\"><div class=\"wp-block-group__inner-container\">\n<h4>+60 mil<\/h4>\n\n\n\n<p>atendimentos <br>por ano<\/p>\n<\/div><\/div>\n\n\n\n<div class=\"wp-container-10 wp-block-group withBorder\"><div class=\"wp-block-group__inner-container\">\n<p>UTI Adulto com <br><strong>10<\/strong> leitos<\/p>\n\n\n\n<p>UTI Neo\/Pedi\u00e1trica <br>com <strong>06<\/strong> leitos<\/p>\n\n\n\n<p>UTI para atendimento <br> \u00e0 COVID com <strong>07<\/strong> leitos<\/p>\n<\/div><\/div>\n<\/div><\/div>\n\n\n\n<p>Com uma despesa mensal de cerca de 2 milh\u00f5es e 583 mil, por atender ao SUS o Hospital contabiliza mensalmente uma defasagem na receita de cerca de 65% cujo preju\u00edzo \u00e9 coberto pela receita proveniente dos planos de sa\u00fade e atendimentos particulares.<br><br>Com a decreta\u00e7\u00e3o da Pandemia Mundial pela OMS \u2013 Organiza\u00e7\u00e3o Mundial de Sa\u00fade, subitamente o Hospital perdeu 80% da receita dos planos de sa\u00fade e particulares o que vem causando um preju\u00edzo mensal desde o m\u00eas de abril.<br><br>Para sobreviver e se manter de portas abertas, o Hospital precisar\u00e1 de ajuda at\u00e9 que a situa\u00e7\u00e3o se normalize.<\/p>\n","protected":false},"excerpt":{"rendered":"<p>O hospital conta hoje com os seguintes servi\u00e7os&#8230; Pronto Socorro Adulto Ambulat\u00f3rio Pedi\u00e1trico Hemodin\u00e2mica (exames de catetrismo, angioplastias, implantes e revis\u00f5es de marca-passo, cirurgias card\u00edacas) Raios-X Tomografia Exames laboratoriais Cirurgias Interna\u00e7\u00f5es cl\u00ednicas Exames de Endoscopia Exames de Colonoscopia Colangiopancreatografia Nossos n\u00fameros&#8230; 107 leitos sendo 65 destinados ao SUS 380 funcion\u00e1rios 88 m\u00e9dicos credenciados 7 salas [&hellip;]<\/p>\n","protected":false},"author":1,"featured_media":12997,"parent":0,"menu_order":3,"comment_status":"closed","ping_status":"closed","template":"template-page.php","meta":{"ngg_post_thumbnail":0},"acf":{"banner-header":"https:\/\/hospitalvazmonteiro.com.br\/site\/wp-content\/uploads\/2022\/04\/banner-contato.jpg"},"_links":{"self":[{"href":"https:\/\/hospitalvazmonteiro.com.br\/site\/wp-json\/wp\/v2\/pages\/12695"}],"collection":[{"href":"https:\/\/hospitalvazmonteiro.com.br\/site\/wp-json\/wp\/v2\/pages"}],"about":[{"href":"https:\/\/hospitalvazmonteiro.com.br\/site\/wp-json\/wp\/v2\/types\/page"}],"author":[{"embeddable":true,"href":"https:\/\/hospitalvazmonteiro.com.br\/site\/wp-json\/wp\/v2\/users\/1"}],"replies":[{"embeddable":true,"href":"https:\/\/hospitalvazmonteiro.com.br\/site\/wp-json\/wp\/v2\/comments?post=12695"}],"version-history":[{"count":0,"href":"https:\/\/hospitalvazmonteiro.com.br\/site\/wp-json\/wp\/v2\/pages\/12695\/revisions"}],"wp:featuredmedia":[{"embeddable":true,"href":"https:\/\/hospitalvazmonteiro.com.br\/site\/wp-json\/wp\/v2\/media\/12997"}],"wp:attachment":[{"href":"https:\/\/hospitalvazmonteiro.com.br\/site\/wp-json\/wp\/v2\/media?parent=12695"}],"curies":[{"name":"wp","href":"https:\/\/api.w.org\/{rel}","templated":true}]}}