{"id":13127,"date":"2022-05-16T10:05:37","date_gmt":"2022-05-16T13:05:37","guid":{"rendered":"http:\/\/localhost\/6f558b53f0ed98ba13434d13d6837856\/?page_id=13127"},"modified":"2022-05-16T18:26:24","modified_gmt":"2022-05-16T21:26:24","slug":"historia","status":"publish","type":"page","link":"https:\/\/hospitalvazmonteiro.com.br\/site\/historia\/","title":{"rendered":"Nossa Hist\u00f3ria"},"content":{"rendered":"\n<p class=\"text-justify\">O Hospital Vaz Monteiro nasceu do ideal do Sr. Ant\u00f4nio Vaz Monteiro e do Dr. Dilermando Corr\u00eaa, preocupados com a mortalidade infantil que assolava a cidade de Lavras decidiram construir o \u201cHospital das Crian\u00e7as\u201d.<\/p>\n\n\n\n<p class=\"text-justify\">Sr. Ant\u00f4nio Vaz Monteiro comprou o terreno, doou \u00e0 comunidade juntamente com a import\u00e2ncia inicial para o in\u00edcio das obras e cedeu funcion\u00e1rios para trabalhar na obra de constru\u00e7\u00e3o. Com a participa\u00e7\u00e3o dos demais fundadores iniciou-se uma campanha de arrecada\u00e7\u00e3o de doa\u00e7\u00f5es para finalizar a constru\u00e7\u00e3o.<\/p>\n\n\n\n<h4 class=\"py-3\">1941 &#8211; Funda\u00e7\u00e3o do &#8220;Hospital das Crian\u00e7as&#8221;:<\/h4>\n\n\n\n<ul><li>Ant\u00f4nio Vaz Monteiro<\/li><li>Dr. Dilermando Corr\u00eaa Leite<\/li><li>Proc\u00f3pio Alvarenga<\/li><li>Armando Cesarini<\/li><li>Cel. Pedro Salles<\/li><li>Dr. Ant\u00f4nio Teixeira de Carvalho<\/li><li>Paulo Menicucci<\/li><li>Sylvio Menicucci<\/li><li>Dr. Jo\u00e3o Lacerda<\/li><li>Dr. Walder Ferreira<\/li><li>Oswaldo de Souza<\/li><li>Dr. Gilberto Villela<\/li><\/ul>\n\n\n\n<h4 class=\"py-3\">Fevereiro de 1941 \u2013 Posse da Primeira Diretoria:<\/h4>\n\n\n\n<ul><li><strong>Provedor:<\/strong> Ant\u00f4nio Vaz Monteiro<\/li><li><strong>Secret\u00e1rio:<\/strong> Dr. Dilermando Corr\u00eaa<\/li><li><strong>Tesoureiro:<\/strong> Proc\u00f3pio Alvarenga<\/li><li><strong>Conselho Fiscal:<\/strong><ul><li>Dr. Jacinto Scorza<\/li><li>Cel. Pedro Salles<\/li><li>Dr. Paulo Menicucci<\/li><\/ul><\/li><\/ul>\n\n\n\n<h4 class=\"py-3\">Outubro de 1942:<\/h4>\n\n\n\n<p class=\"text-justify\">Sr. Ant\u00f4nio Vaz Monteiro sugeriu a organiza\u00e7\u00e3o de uma Maternidade e a cria\u00e7\u00e3o de um lact\u00e1rio anexo, onde as m\u00e3es carentes poderiam receber diariamente leite para alimentar seus filhos. Foi elaborado tamb\u00e9m o primeiro Estatuto do Hospital.<\/p>\n\n\n\n<h4 class=\"py-3\">Fevereiro de 1946:<\/h4>\n\n\n\n<figure class=\"wp-container-2 wp-block-gallery-1 wp-block-gallery has-nested-images columns-default is-cropped\">\n<figure class=\"wp-block-image size-large h-50\"><img loading=\"lazy\" width=\"921\" height=\"546\" data-id=\"13172\"  src=\"http:\/\/localhost\/6f558b53f0ed98ba13434d13d6837856\/wp-content\/uploads\/2022\/05\/historia-1-1.png\" alt=\"\" class=\"wp-image-13172\" srcset=\"https:\/\/hospitalvazmonteiro.com.br\/site\/wp-content\/uploads\/2022\/05\/historia-1-1.png 921w, https:\/\/hospitalvazmonteiro.com.br\/site\/wp-content\/uploads\/2022\/05\/historia-1-1-300x178.png 300w, https:\/\/hospitalvazmonteiro.com.br\/site\/wp-content\/uploads\/2022\/05\/historia-1-1-768x455.png 768w\" sizes=\"(max-width: 921px) 100vw, 921px\" \/><\/figure>\n<\/figure>\n\n\n\n<figure class=\"wp-container-4 wp-block-gallery-3 wp-block-gallery has-nested-images columns-default is-cropped\">\n<figure class=\"wp-block-image size-full\"><img loading=\"lazy\" width=\"477\" height=\"473\" data-id=\"13168\"  src=\"http:\/\/localhost\/6f558b53f0ed98ba13434d13d6837856\/wp-content\/uploads\/2022\/05\/historia-2.png\" alt=\"\" class=\"wp-image-13168\" srcset=\"https:\/\/hospitalvazmonteiro.com.br\/site\/wp-content\/uploads\/2022\/05\/historia-2.png 477w, https:\/\/hospitalvazmonteiro.com.br\/site\/wp-content\/uploads\/2022\/05\/historia-2-300x297.png 300w, https:\/\/hospitalvazmonteiro.com.br\/site\/wp-content\/uploads\/2022\/05\/historia-2-150x150.png 150w\" sizes=\"(max-width: 477px) 100vw, 477px\" \/><\/figure>\n\n\n\n<figure class=\"wp-block-image size-full is-style-default\"><img loading=\"lazy\" width=\"328\" height=\"482\" data-id=\"13169\"  src=\"http:\/\/localhost\/6f558b53f0ed98ba13434d13d6837856\/wp-content\/uploads\/2022\/05\/historia-3.png\" alt=\"\" class=\"wp-image-13169\" srcset=\"https:\/\/hospitalvazmonteiro.com.br\/site\/wp-content\/uploads\/2022\/05\/historia-3.png 328w, https:\/\/hospitalvazmonteiro.com.br\/site\/wp-content\/uploads\/2022\/05\/historia-3-204x300.png 204w\" sizes=\"(max-width: 328px) 100vw, 328px\" \/><\/figure>\n<\/figure>\n\n\n\n<h4 class=\"py-3\">1947:<\/h4>\n\n\n\n<p class=\"text-justify\">Realiza\u00e7\u00e3o de uma complexa cirurgia tor\u00e1cica em uma crian\u00e7a de 02 anos que sofria de pleurite aguda pelo m\u00e9dico e prefeito da cidade na \u00e9poca \u2013 Dr. Jacinto Scorza.<\/p>\n\n\n\n<h4 class=\"py-3\">Agosto de 1951 \u2013 Inaugura\u00e7\u00e3o do Posto de Puericultura \u201cIsabel a Redentora\u201d:<\/h4>\n\n\n\n<p class=\"text-justify\">A Solenidade contou a presen\u00e7a ilustre da Condessa de Paris \u2013 neta da Princesa Isabel, com o pr\u00edncipe \u2013 D. Jo\u00e3o, com o Governador de Minas Gerais \u2013 Juscelino Kubitchek, com o empres\u00e1rio e jornalista, Assis Chautebriand \u2013 o Sr. Olavo Fontoura, filho do cientista. C\u00e2ndido Fontoura &#8211; que atrav\u00e9s dos esfor\u00e7os da saudosa, Dra. D\u00e2mina Zakhia, e do Casal Sr. Francisco Matarazzo e D. Iolanda Penteado Matarazzo, conseguiram recursos da Campanha Nacional da Reden\u00e7\u00e3o da Crian\u00e7a para constru\u00e7\u00e3o do Posto de Puericultura. Na inaugura\u00e7\u00e3o. Na ocasi\u00e3o tamb\u00e9m foi realizado o lan\u00e7amento da pedra fundamental do novo Pavilh\u00e3o do Hospital denominado \u201cIolanda Penteado Matarazzo\u201d.<\/p>\n\n\n\n<figure class=\"wp-container-6 wp-block-gallery-5 wp-block-gallery has-nested-images columns-default is-cropped\">\n<figure class=\"wp-block-image size-large\"><img loading=\"lazy\" width=\"428\" height=\"381\" data-id=\"13191\"  src=\"http:\/\/localhost\/6f558b53f0ed98ba13434d13d6837856\/wp-content\/uploads\/2022\/05\/historia-4-1.png\" alt=\"\" class=\"wp-image-13191\" srcset=\"https:\/\/hospitalvazmonteiro.com.br\/site\/wp-content\/uploads\/2022\/05\/historia-4-1.png 428w, https:\/\/hospitalvazmonteiro.com.br\/site\/wp-content\/uploads\/2022\/05\/historia-4-1-300x267.png 300w\" sizes=\"(max-width: 428px) 100vw, 428px\" \/><\/figure>\n\n\n\n<figure class=\"wp-block-image size-large\"><img loading=\"lazy\" width=\"346\" height=\"448\" data-id=\"13190\"  src=\"http:\/\/localhost\/6f558b53f0ed98ba13434d13d6837856\/wp-content\/uploads\/2022\/05\/historia-5-1.png\" alt=\"\" class=\"wp-image-13190\" srcset=\"https:\/\/hospitalvazmonteiro.com.br\/site\/wp-content\/uploads\/2022\/05\/historia-5-1.png 346w, https:\/\/hospitalvazmonteiro.com.br\/site\/wp-content\/uploads\/2022\/05\/historia-5-1-232x300.png 232w\" sizes=\"(max-width: 346px) 100vw, 346px\" \/><\/figure>\n\n\n\n<figure class=\"wp-block-image size-large\"><img loading=\"lazy\" width=\"405\" height=\"447\" data-id=\"13192\"  src=\"http:\/\/localhost\/6f558b53f0ed98ba13434d13d6837856\/wp-content\/uploads\/2022\/05\/historia-6.png\" alt=\"\" class=\"wp-image-13192\" srcset=\"https:\/\/hospitalvazmonteiro.com.br\/site\/wp-content\/uploads\/2022\/05\/historia-6.png 405w, https:\/\/hospitalvazmonteiro.com.br\/site\/wp-content\/uploads\/2022\/05\/historia-6-272x300.png 272w\" sizes=\"(max-width: 405px) 100vw, 405px\" \/><\/figure>\n<\/figure>\n\n\n\n<figure class=\"wp-container-8 wp-block-gallery-7 wp-block-gallery has-nested-images columns-default is-cropped\">\n<figure class=\"wp-block-image size-large\"><img loading=\"lazy\" width=\"347\" height=\"361\" data-id=\"13193\"  src=\"http:\/\/localhost\/6f558b53f0ed98ba13434d13d6837856\/wp-content\/uploads\/2022\/05\/historia-7.png\" alt=\"\" class=\"wp-image-13193\" srcset=\"https:\/\/hospitalvazmonteiro.com.br\/site\/wp-content\/uploads\/2022\/05\/historia-7.png 347w, https:\/\/hospitalvazmonteiro.com.br\/site\/wp-content\/uploads\/2022\/05\/historia-7-288x300.png 288w\" sizes=\"(max-width: 347px) 100vw, 347px\" \/><\/figure>\n\n\n\n<figure class=\"wp-block-image size-large\"><img loading=\"lazy\" width=\"386\" height=\"352\" data-id=\"13194\"  src=\"http:\/\/localhost\/6f558b53f0ed98ba13434d13d6837856\/wp-content\/uploads\/2022\/05\/historia-8.png\" alt=\"\" class=\"wp-image-13194\" srcset=\"https:\/\/hospitalvazmonteiro.com.br\/site\/wp-content\/uploads\/2022\/05\/historia-8.png 386w, https:\/\/hospitalvazmonteiro.com.br\/site\/wp-content\/uploads\/2022\/05\/historia-8-300x274.png 300w\" sizes=\"(max-width: 386px) 100vw, 386px\" \/><\/figure>\n\n\n\n<figure class=\"wp-block-image size-large\"><img loading=\"lazy\" width=\"497\" height=\"478\" data-id=\"13195\"  src=\"http:\/\/localhost\/6f558b53f0ed98ba13434d13d6837856\/wp-content\/uploads\/2022\/05\/historia-9.png\" alt=\"\" class=\"wp-image-13195\" srcset=\"https:\/\/hospitalvazmonteiro.com.br\/site\/wp-content\/uploads\/2022\/05\/historia-9.png 497w, https:\/\/hospitalvazmonteiro.com.br\/site\/wp-content\/uploads\/2022\/05\/historia-9-300x289.png 300w\" sizes=\"(max-width: 497px) 100vw, 497px\" \/><\/figure>\n<\/figure>\n\n\n\n<h4 class=\"py-3\">Janeiro de 1953:<\/h4>\n\n\n\n<div class=\"wp-block-media-text alignwide is-stacked-on-mobile\" style=\"grid-template-columns:24% auto\"><figure class=\"wp-block-media-text__media\"><img loading=\"lazy\" width=\"357\" height=\"446\" src=\"http:\/\/localhost\/6f558b53f0ed98ba13434d13d6837856\/wp-content\/uploads\/2022\/05\/historia-10.png\" alt=\"\" class=\"wp-image-13198 size-full\" srcset=\"https:\/\/hospitalvazmonteiro.com.br\/site\/wp-content\/uploads\/2022\/05\/historia-10.png 357w, https:\/\/hospitalvazmonteiro.com.br\/site\/wp-content\/uploads\/2022\/05\/historia-10-240x300.png 240w\" sizes=\"(max-width: 357px) 100vw, 357px\" \/><\/figure><div class=\"wp-block-media-text__content\">\n<p>Dra. D\u00e2mina Zakhia de Souza \u00e9 eleita a primeira Presidente feminina do Hospital Vaz Monteiro.<\/p>\n<\/div><\/div>\n\n\n\n<h4 class=\"mt-4 py-3\">Fevereiro de 1953 \u2013 Inaugura\u00e7\u00e3o do Pavilh\u00e3o &#8220;Iolanda Penteado Matarazzo&#8221;:<\/h4>\n\n\n\n<p class=\"text-justify\">A solenidade contou com a presen\u00e7a do casal, Conde Francisco Matarazzo e Condessa Iolanda Matarazzo, o jornalista e agora Senador &#8211; Assis Chateubriand, Dr. Gen\u00e9sio Botelho, o Secret\u00e1rio de Sa\u00fade MG \u2013 Sr. Hugo Ladeira, Sr. Jo\u00e3o da Costa Ribeiro \u2013 o Deputado Sinval Siqueira, o Sr. Joventino Dias, Sr. Proc\u00f3pio Alvarenga, o prefeito Municipal \u2013 Francisco Pinto de Souza, o Cel. Jos\u00e9 Moura Amaral, o Dr. Orlando Haddad, o Sr. Leon Jofre Avayou, Sr. Samuel Alvarenga.<\/p>\n\n\n\n<h4 class=\"py-3\">Junho de 1953:<\/h4>\n\n\n\n<p>Hospital Vaz Monteiro recebe a visita da Embaixada M\u00e9dica de Belo Horizonte para instala\u00e7\u00e3o da Sec\u00e7\u00e3o Regional da Associa\u00e7\u00e3o M\u00e9dica de Minas Gerais.<\/p>\n","protected":false},"excerpt":{"rendered":"<p>O Hospital Vaz Monteiro nasceu do ideal do Sr. Ant\u00f4nio Vaz Monteiro e do Dr. Dilermando Corr\u00eaa, preocupados com a mortalidade infantil que assolava a cidade de Lavras decidiram construir o \u201cHospital das Crian\u00e7as\u201d. Sr. Ant\u00f4nio Vaz Monteiro comprou o terreno, doou \u00e0 comunidade juntamente com a import\u00e2ncia inicial para o in\u00edcio das obras e [&hellip;]<\/p>\n","protected":false},"author":1,"featured_media":12997,"parent":0,"menu_order":0,"comment_status":"closed","ping_status":"closed","template":"template-simple-page.php","meta":{"ngg_post_thumbnail":0},"acf":[],"_links":{"self":[{"href":"https:\/\/hospitalvazmonteiro.com.br\/site\/wp-json\/wp\/v2\/pages\/13127"}],"collection":[{"href":"https:\/\/hospitalvazmonteiro.com.br\/site\/wp-json\/wp\/v2\/pages"}],"about":[{"href":"https:\/\/hospitalvazmonteiro.com.br\/site\/wp-json\/wp\/v2\/types\/page"}],"author":[{"embeddable":true,"href":"https:\/\/hospitalvazmonteiro.com.br\/site\/wp-json\/wp\/v2\/users\/1"}],"replies":[{"embeddable":true,"href":"https:\/\/hospitalvazmonteiro.com.br\/site\/wp-json\/wp\/v2\/comments?post=13127"}],"version-history":[{"count":0,"href":"https:\/\/hospitalvazmonteiro.com.br\/site\/wp-json\/wp\/v2\/pages\/13127\/revisions"}],"wp:featuredmedia":[{"embeddable":true,"href":"https:\/\/hospitalvazmonteiro.com.br\/site\/wp-json\/wp\/v2\/media\/12997"}],"wp:attachment":[{"href":"https:\/\/hospitalvazmonteiro.com.br\/site\/wp-json\/wp\/v2\/media?parent=13127"}],"curies":[{"name":"wp","href":"https:\/\/api.w.org\/{rel}","templated":true}]}}