{"id":13130,"date":"2022-05-16T10:08:45","date_gmt":"2022-05-16T13:08:45","guid":{"rendered":"http:\/\/localhost\/6f558b53f0ed98ba13434d13d6837856\/?page_id=13130"},"modified":"2022-05-19T08:01:49","modified_gmt":"2022-05-19T11:01:49","slug":"pre-internacao","status":"publish","type":"page","link":"https:\/\/hospitalvazmonteiro.com.br\/site\/pre-internacao\/","title":{"rendered":"Pr\u00e9-interna\u00e7\u00e3o"},"content":{"rendered":"\n<p>O Hospital Vaz Monteiro disponibiliza orienta\u00e7\u00f5es de pr\u00e9-interna\u00e7\u00e3o aos seus pacientes, a fim de esclarecer d\u00favidas sobre o processo de interna\u00e7\u00e3o. Para que a cirurgia transcorra com tranquilidade, s\u00e3o necess\u00e1rios alguns cuidados.<\/p>\n\n\n\n<p>A realiza\u00e7\u00e3o do pr\u00e9-cadastro&nbsp; agiliza sua interna\u00e7\u00e3o&nbsp;<\/p>\n\n\n\n<p><strong>Documentos necess\u00e1rios<\/strong><\/p>\n\n\n\n<p>Os seguintes documentos devem ser entregues na recep\u00e7\u00e3o:<\/p>\n\n\n\n<ul><li>Carteira de identidade e CPF do paciente<\/li><li>Cart\u00e3o do conv\u00eanio do paciente<\/li><li>Para pacientes menores de idade, al\u00e9m dos documentos do paciente, devem ser apresentados: carteira de identidade e CPF do respons\u00e1vel<\/li><li>Certid\u00e3o de nascimento para crian\u00e7as e adolescentes que ainda n\u00e3o possuem carteira de identidade<\/li><li>Guia de Interna\u00e7\u00e3o devidamente autorizada pelo Conv\u00eanio<\/li><li>Termo de ci\u00eancia e consentimento para a realiza\u00e7\u00e3o de procedimento m\u00e9dico \u2013 consentimento informado fornecido pelo m\u00e9dico (validado de 30 dias). Este documento deve ser devidamente lido e preenchido, entre em contato com o m\u00e9dico<\/li><li>Avalia\u00e7\u00e3o Pr\u00e9-Anest\u00e9sica<\/li><li>Todos os exames pr\u00e9-operat\u00f3rios, exames laboratoriais e de imagem<\/li><li>Avalia\u00e7\u00e3o cardiol\u00f3gica ou outras avalia\u00e7\u00f5es que o m\u00e9dico tenha pedido anteriormente<\/li><li>Pacientes estrangeiros devem apresentar o passaporte.<\/li><\/ul>\n\n\n\n<p><strong>IMPORTANTE<\/strong><\/p>\n\n\n\n<p>A pr\u00e9-interna\u00e7\u00e3o dever\u00e1 ser realizada com 48 horas de anteced\u00eancia<\/p>\n\n\n\n<p><strong>No dia do procedimento cir\u00fargico<\/strong><\/p>\n\n\n\n<ol><li>Chegar ao Hospital&nbsp; com 1 hora de anteced\u00eancia. Em casos excepcionais, o m\u00e9dico informar\u00e1 sobre o hor\u00e1rio de chegada.<\/li><li>Ao chegar no hospital, dirija-se \u00e0 Recep\u00e7\u00e3o da Interna\u00e7\u00e3o para iniciar o processo de interna\u00e7\u00e3o.<\/li><li>Se o paciente for transportado por ambul\u00e2ncia, a entrada deve ser pelo Pronto Socorro. \u00c9 importante trazer documento de identifica\u00e7\u00e3o original, cart\u00e3o do conv\u00eanio e pedido m\u00e9dico.<\/li><li>Eventualmente, o apartamento destinado ao paciente poder\u00e1 estar indispon\u00edvel no hor\u00e1rio da chegada. O Hospital acomodar\u00e1 adequadamente o paciente enquanto seus acompanhantes ser\u00e3o encaminhados a Recep\u00e7\u00e3o da Interna\u00e7\u00e3o, onde aguardar\u00e3o a libera\u00e7\u00e3o do leito. Esse procedimento, comum \u00e0 maioria dos hospitais, garante o conforto do paciente e seu acompanhante.<\/li><li>Ap\u00f3s a interna\u00e7\u00e3o, a equipe de enfermagem providenciar\u00e1 todos os procedimentos necess\u00e1rios para tranquilidade e seguran\u00e7a do paciente.<\/li><\/ol>\n\n\n\n<div class=\"wp-container-1 wp-block-group p-4 has-black-color has-text-color has-background\" style=\"background:linear-gradient(180deg,rgb(182,227,212) 0%,rgb(196,219,255) 100%)\"><div class=\"wp-block-group__inner-container\">\n<p><strong>O que mais devo saber?<\/strong><\/p>\n\n\n\n<p><strong>Jejum:<\/strong>&nbsp;\u00e9 definido de acordo com a idade do paciente e pode variar de duas a oito horas. Este item ser\u00e1 informado previamente pelo seu m\u00e9dico.<\/p>\n\n\n\n<p><strong>Tricotomia:&nbsp;<\/strong>\u00e9 a remo\u00e7\u00e3o dos pelos no local da cirurgia, necess\u00e1rio para diminuir o risco de infec\u00e7\u00e3o. Deve ser realizada pela equipe de enfermagem, conforme prescri\u00e7\u00e3o m\u00e9dica, ap\u00f3s a interna\u00e7\u00e3o.<\/p>\n\n\n\n<p><strong>Banho:<\/strong>&nbsp;deve ser realizado em sua resid\u00eancia e no hospital no dia da cirurgia, utilizando produtos de higiene de sua prefer\u00eancia. Evite o excesso de cremes e \u00f3leos na pele.<\/p>\n\n\n\n<p><strong>Higiene pessoal:\u00a0<\/strong>o Hospital fornece 1 kit para higiene pessoal para a primeira estadia. Por isso, o paciente ou respons\u00e1vel que desejar, deve trazer seus pr\u00f3prios produtos de higiene e cosm\u00e9ticos para uso durante a interna\u00e7\u00e3o, como escova de dente, creme dental, shampoo, condicionador, escova de cabelo e hidratante (sem perfume e sem corante).<\/p>\n\n\n\n<p><strong>Unhas:&nbsp;<\/strong>esmaltes devem ser removidos.<\/p>\n\n\n\n<p><strong>Cabelos:&nbsp;<\/strong>caso os lave, \u00e9 importante sec\u00e1-los bem antes da cirurgia.<\/p>\n\n\n\n<p><strong>Adornos (rel\u00f3gios, alian\u00e7as, an\u00e9is, pulseiras e colares):<\/strong>&nbsp;devem ser retirados e entregues para os familiares ou se poss\u00edvel, n\u00e3o venha com eles.<\/p>\n\n\n\n<p><strong>Pr\u00f3tese dent\u00e1ria:&nbsp;<\/strong>deve ser retirada e colocada em recipiente fornecido pela enfermagem.<\/p>\n\n\n\n<p><strong>Trazer todos os medicamentos de uso cont\u00ednuo.<\/strong><\/p>\n\n\n\n<p><strong>Vestu\u00e1rio:<\/strong>&nbsp;roupas confort\u00e1veis e f\u00e1ceis de vestir, como pijamas (de prefer\u00eancia, com abertura na frente), chinelo antiderrapante e\/ou outros itens que proporcionem conforto. N\u00e3o \u00e9 necess\u00e1rio trazer toalhas de banho, de rosto e roupas de cama.<\/p>\n\n\n\n<p><strong>Acompanhantes:&nbsp;<\/strong>enquanto o paciente estiver no setor pr\u00e9-cir\u00fargico, ser\u00e1 permitido somente um acompanhante. \u00c9 necess\u00e1rio trazer toalhas de banho e roupas de cama pois n\u00e3o \u00e9 fornecido pelo hospital.<\/p>\n\n\n\n<p><strong>Evite trazer bens de valores para o hospital. Traga somente o necess\u00e1rio.<\/strong><\/p>\n\n\n\n<p><strong>Fumo:<\/strong>&nbsp;\u00e9 proibido fumar nas \u00e1reas de interna\u00e7\u00e3o do hospital.<\/p>\n\n\n\n<p><strong>Alimenta\u00e7\u00e3o:&nbsp;<\/strong>n\u00e3o \u00e9 permitido trazer alimentos para os pacientes. Durante a interna\u00e7\u00e3o, a nutri\u00e7\u00e3o \u00e9 balanceada para suprir as necessidades de cada paciente.<\/p>\n<\/div><\/div>\n","protected":false},"excerpt":{"rendered":"<p>O Hospital Vaz Monteiro disponibiliza orienta\u00e7\u00f5es de pr\u00e9-interna\u00e7\u00e3o aos seus pacientes, a fim de esclarecer d\u00favidas sobre o processo de interna\u00e7\u00e3o. Para que a cirurgia transcorra com tranquilidade, s\u00e3o necess\u00e1rios alguns cuidados. A realiza\u00e7\u00e3o do pr\u00e9-cadastro&nbsp; agiliza sua interna\u00e7\u00e3o&nbsp; Documentos necess\u00e1rios Os seguintes documentos devem ser entregues na recep\u00e7\u00e3o: Carteira de identidade e CPF do [&hellip;]<\/p>\n","protected":false},"author":1,"featured_media":12997,"parent":0,"menu_order":0,"comment_status":"closed","ping_status":"closed","template":"template-simple-page.php","meta":{"ngg_post_thumbnail":0},"acf":[],"_links":{"self":[{"href":"https:\/\/hospitalvazmonteiro.com.br\/site\/wp-json\/wp\/v2\/pages\/13130"}],"collection":[{"href":"https:\/\/hospitalvazmonteiro.com.br\/site\/wp-json\/wp\/v2\/pages"}],"about":[{"href":"https:\/\/hospitalvazmonteiro.com.br\/site\/wp-json\/wp\/v2\/types\/page"}],"author":[{"embeddable":true,"href":"https:\/\/hospitalvazmonteiro.com.br\/site\/wp-json\/wp\/v2\/users\/1"}],"replies":[{"embeddable":true,"href":"https:\/\/hospitalvazmonteiro.com.br\/site\/wp-json\/wp\/v2\/comments?post=13130"}],"version-history":[{"count":0,"href":"https:\/\/hospitalvazmonteiro.com.br\/site\/wp-json\/wp\/v2\/pages\/13130\/revisions"}],"wp:featuredmedia":[{"embeddable":true,"href":"https:\/\/hospitalvazmonteiro.com.br\/site\/wp-json\/wp\/v2\/media\/12997"}],"wp:attachment":[{"href":"https:\/\/hospitalvazmonteiro.com.br\/site\/wp-json\/wp\/v2\/media?parent=13130"}],"curies":[{"name":"wp","href":"https:\/\/api.w.org\/{rel}","templated":true}]}}