{"id":14531,"date":"2024-09-01T12:32:06","date_gmt":"2024-09-01T15:32:06","guid":{"rendered":"https:\/\/hospitalvazmonteiro.com.br\/site\/?page_id=14531"},"modified":"2025-03-26T10:03:22","modified_gmt":"2025-03-26T13:03:22","slug":"cpad","status":"publish","type":"page","link":"https:\/\/hospitalvazmonteiro.com.br\/site\/cpad\/","title":{"rendered":"CPAD &#8211; Comiss\u00e3o Permanente de Avalia\u00e7\u00e3o de Documentos"},"content":{"rendered":"\n<p>A Comiss\u00e3o Permanente de Avalia\u00e7\u00e3o de Documentos (CPAD) tem como objetivo assessorar o Hospital Vaz Monteiro na avalia\u00e7\u00e3o documental, visando o processo de elimina\u00e7\u00e3o de documentos, que j\u00e1 atingiram o prazo de guarda, conforme as normas legais vigentes, e mais especificamente:<\/p>\n\n\n\n<div class=\"d-md-flex align-items-center justify-content-center px-0\">\n<div class=\"cardColor\">Receber as listagens de elimina\u00e7\u00e3o de documentos das unidades.<\/div>\n<div class=\"cardColor mx-md-4 my-2\">Aprovar as listagens de elimina\u00e7\u00e3o de documentos atrav\u00e9s de reuni\u00f5es convocadas conforme a demanda.<\/div>\n<div class=\"cardColor\">Encaminhar a documenta\u00e7\u00e3o para devida elimina\u00e7\u00e3o.<\/div>\n<\/div>\n\n\n\n<div class=\"py-2\"><\/div>\n\n\n\n<h4 class=\"mt-4\" style=\"font-size:16px\">Termos de Elimina\u00e7\u00e3o de Documentos:<\/h4>\n\n\n\n<ul><li><a href=\"https:\/\/hospitalvazmonteiro.com.br\/site\/wp-content\/uploads\/2024\/10\/Regimento-Interno-da-CPADHVM.pdf\" target=\"_blank\" rel=\"noopener nofollow sponsored\" title=\"\">Regimento Interno da CPADHVM<\/a><\/li><li><a href=\"https:\/\/hospitalvazmonteiro.com.br\/site\/wp-content\/uploads\/2024\/10\/Portaria-no-1-instituicao-CPADHVM.pdf\" target=\"_blank\" rel=\"noopener nofollow sponsored\" title=\"\">Portaria n\u00ba 1 &#8211; institui\u00e7\u00e3o CPADHVM<\/a><\/li><li><a href=\"https:\/\/hospitalvazmonteiro.com.br\/site\/wp-content\/uploads\/2024\/10\/Membros-CPAD-HVM.pdf\" target=\"_blank\" rel=\"noopener nofollow sponsored\" title=\"\">Membros CPAD-HVM<\/a><\/li><li><a href=\"https:\/\/hospitalvazmonteiro.com.br\/site\/wp-content\/uploads\/2024\/10\/EDITAL-DE-CIENCIA-DE-ELIMINACAO-DE-DOCUMENTOS.pdf\" target=\"_blank\" rel=\"noopener nofollow sponsored\" title=\"\">EDITAL DE CI\u00caNCIA DE ELIMINA\u00c7\u00c3O DE DOCUMENTOS<\/a><\/li><li><a href=\"https:\/\/hospitalvazmonteiro.com.br\/site\/wp-content\/uploads\/2024\/11\/ATA-DE-REUNIAO-DE-FORMACAO-DA-CPAD-HVM.pdf\" target=\"_blank\" rel=\"noopener nofollow sponsored\" title=\"\">ATA DE REUNI\u00c3O DE FORMA\u00c7\u00c3O DA CPAD HVM<\/a><\/li><li><a href=\"https:\/\/hospitalvazmonteiro.com.br\/site\/wp-content\/uploads\/2024\/11\/Listagem-de-Eliminacao-de-Documentos.pdf\" target=\"_blank\" rel=\"noopener nofollow sponsored\" title=\"\">LISTAGEM DE ELIMINA\u00c7\u00c3O DE DOCUMENTOS (JANEIRO\/2023)<\/a><\/li><li><a href=\"https:\/\/hospitalvazmonteiro.com.br\/site\/wp-content\/uploads\/2025\/03\/Termo-de-descarte-Fev-a-Dez-2023.pdf\" target=\"_blank\" rel=\"noopener nofollow sponsored\" title=\"\">LISTAGEM DE ELIMINA\u00c7\u00c3O DE DOCUMENTOS (FEVEREIRO\/2023 AT\u00c9 DEZEMBRO\/2023)<\/a><\/li><\/ul>\n\n\n\n<p><\/p>\n","protected":false},"excerpt":{"rendered":"<p>A Comiss\u00e3o Permanente de Avalia\u00e7\u00e3o de Documentos (CPAD) tem como objetivo assessorar o Hospital Vaz Monteiro na avalia\u00e7\u00e3o documental, visando o processo de elimina\u00e7\u00e3o de documentos, que j\u00e1 atingiram o prazo de guarda, conforme as normas legais vigentes, e mais especificamente: Receber as listagens de elimina\u00e7\u00e3o de documentos das unidades. Aprovar as listagens de elimina\u00e7\u00e3o [&hellip;]<\/p>\n","protected":false},"author":1,"featured_media":12997,"parent":0,"menu_order":3,"comment_status":"closed","ping_status":"closed","template":"","meta":{"ngg_post_thumbnail":0},"acf":{"banner-header":"https:\/\/hospitalvazmonteiro.com.br\/site\/wp-content\/uploads\/2022\/04\/banner-contato.jpg"},"_links":{"self":[{"href":"https:\/\/hospitalvazmonteiro.com.br\/site\/wp-json\/wp\/v2\/pages\/14531"}],"collection":[{"href":"https:\/\/hospitalvazmonteiro.com.br\/site\/wp-json\/wp\/v2\/pages"}],"about":[{"href":"https:\/\/hospitalvazmonteiro.com.br\/site\/wp-json\/wp\/v2\/types\/page"}],"author":[{"embeddable":true,"href":"https:\/\/hospitalvazmonteiro.com.br\/site\/wp-json\/wp\/v2\/users\/1"}],"replies":[{"embeddable":true,"href":"https:\/\/hospitalvazmonteiro.com.br\/site\/wp-json\/wp\/v2\/comments?post=14531"}],"version-history":[{"count":47,"href":"https:\/\/hospitalvazmonteiro.com.br\/site\/wp-json\/wp\/v2\/pages\/14531\/revisions"}],"predecessor-version":[{"id":14873,"href":"https:\/\/hospitalvazmonteiro.com.br\/site\/wp-json\/wp\/v2\/pages\/14531\/revisions\/14873"}],"wp:featuredmedia":[{"embeddable":true,"href":"https:\/\/hospitalvazmonteiro.com.br\/site\/wp-json\/wp\/v2\/media\/12997"}],"wp:attachment":[{"href":"https:\/\/hospitalvazmonteiro.com.br\/site\/wp-json\/wp\/v2\/media?parent=14531"}],"curies":[{"name":"wp","href":"https:\/\/api.w.org\/{rel}","templated":true}]}}