{"id":14819,"date":"2025-03-21T15:56:35","date_gmt":"2025-03-21T18:56:35","guid":{"rendered":"https:\/\/hospitalvazmonteiro.com.br\/site\/?page_id=14819"},"modified":"2025-06-27T09:39:58","modified_gmt":"2025-06-27T12:39:58","slug":"cipa","status":"publish","type":"page","link":"https:\/\/hospitalvazmonteiro.com.br\/site\/cipa\/","title":{"rendered":"CIPA &#8211; Comiss\u00e3o Interna de Preven\u00e7\u00e3o de Acidentes e Ass\u00e9dio (Exclusivo Funcion\u00e1rios)"},"content":{"rendered":"\n<div class=\"wp-container-4 wp-block-columns\">\n<div class=\"wp-container-3 wp-block-column\" style=\"flex-basis:100%\">\n<p>O Canal de Den\u00fancias da CIPA foi criado pelo Hospital Vaz Monteiro em cumprimento ao disposto na&nbsp;<strong>Lei&nbsp;14.457\/22<\/strong>, que&nbsp;institui o Programa Emprega + Mulheres, para promover a seguran\u00e7a e inclus\u00e3o de mulheres no mercado de trabalho.<\/p>\n\n\n\n<p>Com essa nova determina\u00e7\u00e3o, este canal servir\u00e1 exclusivamente para garantir a observ\u00e2ncia das regras de conduta e \u00e9tica direcionadas&nbsp;ao combate ao ass\u00e9dio sexual e outras formas de viol\u00eancia.<\/p>\n\n\n\n<p>Os relatos poder\u00e3o ser enviados de forma an\u00f4nima e os procedimentos de apura\u00e7\u00e3o passar\u00e3o&nbsp;pela investiga\u00e7\u00e3o, treinamento, esclarecimento, podendo at\u00e9 chegar em san\u00e7\u00f5es legais.<\/p>\n\n\n\n<div style=\"height:32px\" aria-hidden=\"true\" class=\"wp-block-spacer\"><\/div>\n\n\n\n<h3>A nova Cipa<\/h3>\n\n\n\n<p>Sancionada em setembro de 2022, a&nbsp;<a href=\"https:\/\/www.planalto.gov.br\/ccivil_03\/_Ato2019-2022\/2022\/Lei\/L14457.htm#:~:text=LEI N\u00ba 14.457%2C DE 21 DE SETEMBRO DE 2022&amp;text=Institui o Programa Emprega %2B Mulheres,26 de outubro de 2011.\" target=\"_blank\" rel=\"noopener nofollow sponsored\" title=\"\">Lei 14.457<\/a> \u00e9 uma convers\u00e3o da&nbsp;<a href=\"http:\/\/www.planalto.gov.br\/ccivil_03\/_Ato2019-2022\/2022\/Mpv\/mpv1116.htm\" target=\"_blank\" rel=\"noopener nofollow sponsored\" title=\"\">Medida Provis\u00f3ria 1.116\/21<\/a>, que instituiu o Programa Emprega + Mulheres. A inten\u00e7\u00e3o \u00e9 promover um ambiente de trabalho seguro para as mulheres. Dessa forma, a lei altera a Consolida\u00e7\u00e3o das Leis do Trabalho (CLT), instituindo um programa destinado \u00e0 inser\u00e7\u00e3o e \u00e0 manuten\u00e7\u00e3o de mulheres no mercado de trabalho. Por isso, torna obrigat\u00f3rias medidas que permitam o apoio \u00e0 parentalidade, \u00e0 qualifica\u00e7\u00e3o feminina e ao retorno a suas atividades ap\u00f3s a licen\u00e7a-maternidade. Al\u00e9m disso, uma das inten\u00e7\u00f5es da lei \u00e9 promover um ambiente livre de ass\u00e9dios de todos os tipos. Ou seja, tratar o ass\u00e9dio de forma estruturada passa a ser uma exig\u00eancia legal.<\/p>\n\n\n\n<p><strong>Todas as exig\u00eancias listadas no Artigo 23 s\u00e3o obrigat\u00f3rias<\/strong>&nbsp;para todas as empresas com CIPA. O artigo determina:<\/p>\n\n\n\n<p><strong>Art. 23.<\/strong>&nbsp;Para a promo\u00e7\u00e3o de um ambiente laboral sadio, seguro e que favore\u00e7a a inser\u00e7\u00e3o e a manuten\u00e7\u00e3o de mulheres no mercado de trabalho, as empresas com Comiss\u00e3o Interna de Preven\u00e7\u00e3o de Acidentes e de Ass\u00e9dio (Cipa) dever\u00e3o adotar as seguintes medidas, al\u00e9m de outras que entenderem necess\u00e1rias, com vistas \u00e0 preven\u00e7\u00e3o e ao combate ao ass\u00e9dio sexual e \u00e0s demais formas de viol\u00eancia no \u00e2mbito do trabalho:<\/p>\n\n\n\n<p><strong>I<\/strong>&nbsp;&#8211;&nbsp;<strong>inclus\u00e3o de regras de conduta a respeito do ass\u00e9dio sexual<\/strong>&nbsp;e de outras formas de viol\u00eancia nas normas internas da empresa, com ampla divulga\u00e7\u00e3o do seu conte\u00fado aos empregados e \u00e0s empregadas;<\/p>\n\n\n\n<p class=\"has-text-align-left\"><strong>II<\/strong>&nbsp;&#8211; fixa\u00e7\u00e3o de <strong>procedimentos para recebimento e acompanhamento de den\u00fancias<\/strong>, para apura\u00e7\u00e3o dos fatos e, quando for o caso, para aplica\u00e7\u00e3o de san\u00e7\u00f5es administrativas aos respons\u00e1veis diretos e indiretos pelos atos de ass\u00e9dio sexual e de viol\u00eancia,&nbsp;<strong>garantido o anonimato da pessoa denunciante<\/strong>, sem preju\u00edzo dos procedimentos jur\u00eddicos cab\u00edveis;<\/p>\n\n\n\n<p><strong>III<\/strong>&nbsp;&#8211;  inclus\u00e3o de&nbsp;<strong>temas referentes \u00e0 preven\u00e7\u00e3o e ao combate ao ass\u00e9dio sexual<\/strong>&nbsp;e a outras formas de viol\u00eancia nas atividades e&nbsp;<strong>nas pr\u00e1ticas da Cipa<\/strong>; e<\/p>\n\n\n\n<p><strong>IV<\/strong>&nbsp;&#8211;  realiza\u00e7\u00e3o, no m\u00ednimo a cada 12 (doze) meses, de&nbsp;<strong>a\u00e7\u00f5es de capacita\u00e7\u00e3o, de orienta\u00e7\u00e3o e de sensibiliza\u00e7\u00e3o dos empregados e das empregadas de todos os n\u00edveis hier\u00e1rquicos da empresa<\/strong>&nbsp;sobre temas relacionados \u00e0 viol\u00eancia, ao ass\u00e9dio, \u00e0 igualdade e \u00e0 diversidade no \u00e2mbito do trabalho, em formatos acess\u00edveis, apropriados e que apresentem m\u00e1xima efetividade de tais a\u00e7\u00f5es.<\/p>\n\n\n\n<div style=\"height:31px\" aria-hidden=\"true\" class=\"wp-block-spacer\"><\/div>\n\n\n\n<div class=\"wp-container-2 wp-block-group cardTypeAutorization\"><div class=\"wp-block-group__inner-container\">\n<div class=\"wp-container-1 wp-block-group cardHorarios green\"><div class=\"wp-block-group__inner-container\">\n<p><strong>COMIT\u00ca DE APURA\u00c7\u00c3O<\/strong><\/p>\n\n\n\n<p>O Comit\u00ea de apura\u00e7\u00e3o da Nova CIPA ser\u00e1 formado pelos integrantes eleitos para a CIPA, acrescido da Assessoria Jur\u00eddica. As den\u00fancias ser\u00e3o apuradas quinzenalmente, exceto casos de maior gravidade e o procedimento para processamento dos casos observar\u00e1: relato, oitiva das partes, prazo para defesa, medida a ser adotada.<\/p>\n<\/div><\/div>\n<\/div><\/div>\n<\/div>\n<\/div>\n","protected":false},"excerpt":{"rendered":"<p>O Canal de Den\u00fancias da CIPA foi criado pelo Hospital Vaz Monteiro em cumprimento ao disposto na&nbsp;Lei&nbsp;14.457\/22, que&nbsp;institui o Programa Emprega + Mulheres, para promover a seguran\u00e7a e inclus\u00e3o de mulheres no mercado de trabalho. Com essa nova determina\u00e7\u00e3o, este canal servir\u00e1 exclusivamente para garantir a observ\u00e2ncia das regras de conduta e \u00e9tica direcionadas&nbsp;ao combate [&hellip;]<\/p>\n","protected":false},"author":1,"featured_media":12997,"parent":0,"menu_order":3,"comment_status":"closed","ping_status":"closed","template":"","meta":{"ngg_post_thumbnail":0},"acf":{"banner-header":"https:\/\/hospitalvazmonteiro.com.br\/site\/wp-content\/uploads\/2022\/04\/banner-contato.jpg"},"_links":{"self":[{"href":"https:\/\/hospitalvazmonteiro.com.br\/site\/wp-json\/wp\/v2\/pages\/14819"}],"collection":[{"href":"https:\/\/hospitalvazmonteiro.com.br\/site\/wp-json\/wp\/v2\/pages"}],"about":[{"href":"https:\/\/hospitalvazmonteiro.com.br\/site\/wp-json\/wp\/v2\/types\/page"}],"author":[{"embeddable":true,"href":"https:\/\/hospitalvazmonteiro.com.br\/site\/wp-json\/wp\/v2\/users\/1"}],"replies":[{"embeddable":true,"href":"https:\/\/hospitalvazmonteiro.com.br\/site\/wp-json\/wp\/v2\/comments?post=14819"}],"version-history":[{"count":34,"href":"https:\/\/hospitalvazmonteiro.com.br\/site\/wp-json\/wp\/v2\/pages\/14819\/revisions"}],"predecessor-version":[{"id":14984,"href":"https:\/\/hospitalvazmonteiro.com.br\/site\/wp-json\/wp\/v2\/pages\/14819\/revisions\/14984"}],"wp:featuredmedia":[{"embeddable":true,"href":"https:\/\/hospitalvazmonteiro.com.br\/site\/wp-json\/wp\/v2\/media\/12997"}],"wp:attachment":[{"href":"https:\/\/hospitalvazmonteiro.com.br\/site\/wp-json\/wp\/v2\/media?parent=14819"}],"curies":[{"name":"wp","href":"https:\/\/api.w.org\/{rel}","templated":true}]}}